{"id":10,"date":"2023-08-31T12:32:11","date_gmt":"2023-08-31T15:32:11","guid":{"rendered":"https:\/\/helpsei.go.gov.br\/sublp\/?page_id=10"},"modified":"2025-11-24T09:55:37","modified_gmt":"2025-11-24T12:55:37","slug":"fale-conosco","status":"publish","type":"page","link":"https:\/\/sublp.go.gov.br\/?page_id=10","title":{"rendered":"Fale Conosco"},"content":{"rendered":"\n<hr class=\"wp-block-separator has-alpha-channel-opacity is-style-default\"\/>\n\n\n\n<div class=\"row\">\n\n<div class=\"col-5\"><div class=\"wpcf7 no-js\" id=\"wpcf7-f82-o1\" lang=\"pt-BR\" dir=\"ltr\">\n<div class=\"screen-reader-response\"><p role=\"status\" aria-live=\"polite\" aria-atomic=\"true\"><\/p> <ul><\/ul><\/div>\n<form action=\"\/index.php?rest_route=%2Fwp%2Fv2%2Fpages%2F10#wpcf7-f82-o1\" method=\"post\" class=\"wpcf7-form init\" aria-label=\"Contact form\" novalidate=\"novalidate\" data-status=\"init\">\n<div style=\"display: none;\">\n<input type=\"hidden\" name=\"_wpcf7\" value=\"82\" \/>\n<input type=\"hidden\" name=\"_wpcf7_version\" value=\"5.7\" \/>\n<input type=\"hidden\" name=\"_wpcf7_locale\" value=\"pt_BR\" \/>\n<input type=\"hidden\" name=\"_wpcf7_unit_tag\" value=\"wpcf7-f82-o1\" \/>\n<input type=\"hidden\" name=\"_wpcf7_container_post\" value=\"0\" \/>\n<input type=\"hidden\" name=\"_wpcf7_posted_data_hash\" value=\"\" \/>\n<input type=\"hidden\" name=\"_wpcf7_recaptcha_response\" value=\"\" \/>\n<\/div>\n<p><label>Nome <span style=\"color: red\">*<\/span><br \/>\n<span class=\"wpcf7-form-control-wrap\" data-name=\"your-name\"><input size=\"40\" class=\"wpcf7-form-control wpcf7-text wpcf7-validates-as-required form-control\" autocomplete=\"name\" aria-required=\"true\" aria-invalid=\"false\" value=\"\" type=\"text\" name=\"your-name\" \/><\/span> <\/label>\n<\/p>\n<p><label>E-mail <span style=\"color: red\">*<\/span><br \/>\n<span class=\"wpcf7-form-control-wrap\" data-name=\"your-email\"><input size=\"40\" class=\"wpcf7-form-control wpcf7-text wpcf7-email wpcf7-validates-as-required wpcf7-validates-as-email form-control\" autocomplete=\"email\" aria-required=\"true\" aria-invalid=\"false\" value=\"\" type=\"email\" name=\"your-email\" \/><\/span> <\/label>\n<\/p>\n<p><label>Assunto <span style=\"color: red\">*<\/span><br \/>\n<span class=\"wpcf7-form-control-wrap\" data-name=\"your-subject\"><input size=\"40\" class=\"wpcf7-form-control wpcf7-text wpcf7-validates-as-required form-control\" aria-required=\"true\" aria-invalid=\"false\" value=\"\" type=\"text\" name=\"your-subject\" \/><\/span> <\/label>\n<\/p>\n<p><label>Mensagem <span style=\"color: red\">*<\/span><br \/>\n<span class=\"wpcf7-form-control-wrap\" data-name=\"your-message\"><textarea cols=\"40\" rows=\"10\" class=\"wpcf7-form-control wpcf7-textarea wpcf7-validates-as-required form-control\" aria-required=\"true\" aria-invalid=\"false\" name=\"your-message\"><\/textarea><\/span> <\/label>\n<\/p>\n<p><input class=\"wpcf7-form-control has-spinner wpcf7-submit btn btn-primary\" type=\"submit\" value=\"Enviar\" \/>\n<\/p><div class=\"wpcf7-response-output\" aria-hidden=\"true\"><\/div><\/form><\/div><\/div>\n<div class=\"col-4\" style=\"margin-top: 20px\">\n<p>O atendimento presencial acontece das <strong>08h \u00e0s 12h <\/strong>e <strong>14h \u00e0s 18h<\/strong>.<\/p>\n\n<p>Av. Laur\u00edcio Pedro Rasmussem n\u00ba 2.535, Vila Yate<br>Goi\u00e2nia\/GO, CEP 74.621-005<br>Telefone (62) 3201-5073<\/p>\n\n\n<hr class=\"separator\"><p>Para informa\u00e7\u00f5es de imprensa, entre em contato com a <a href=\"\/component\/content\/article.html?id=18630:comunicacao-setorial-segplan&amp;catid=353&amp;Itemid=101\">Comunica\u00e7\u00e3o Setorial<\/a>.<\/p>\n\n<p>Para informa\u00e7\u00f5es de telefones e endere\u00e7os das unidades, <a href=\"\/component\/content\/article\/34-artigos-n\u00e3o-categorizados\/20540-lista-unidades-contatos.html?Itemid=101\">acesse a p\u00e1gina de contatos<\/a>.<\/p>\n\n<p>Caso queria fazer algum pedido&nbsp;de informa\u00e7\u00e3o, elogios ou reclama\u00e7\u00f5es, <a href=\"http:\/\/www.cge.go.gov.br\/ouvidoria\/\" target=\"_blank\" rel=\"noopener\">acesse o p\u00e1gina de ouvidoria da CGE<\/a>.<\/p>\n<\/div>\n<\/div>\n","protected":false},"excerpt":{"rendered":"<p>O atendimento presencial acontece das 08h \u00e0s 12h e 14h \u00e0s 18h. Av. Laur\u00edcio Pedro Rasmussem n\u00ba 2.535, Vila YateGoi\u00e2nia\/GO, CEP 74.621-005Telefone (62) 3201-5073 Para informa\u00e7\u00f5es de imprensa, entre em contato com a Comunica\u00e7\u00e3o Setorial. Para informa\u00e7\u00f5es de telefones e endere\u00e7os das unidades, acesse a p\u00e1gina de contatos. Caso queria fazer algum pedido&nbsp;de informa\u00e7\u00e3o, elogios [&hellip;]<\/p>\n","protected":false},"author":1,"featured_media":0,"parent":0,"menu_order":0,"comment_status":"closed","ping_status":"closed","template":"","meta":{"footnotes":""},"_links":{"self":[{"href":"https:\/\/sublp.go.gov.br\/index.php?rest_route=\/wp\/v2\/pages\/10"}],"collection":[{"href":"https:\/\/sublp.go.gov.br\/index.php?rest_route=\/wp\/v2\/pages"}],"about":[{"href":"https:\/\/sublp.go.gov.br\/index.php?rest_route=\/wp\/v2\/types\/page"}],"author":[{"embeddable":true,"href":"https:\/\/sublp.go.gov.br\/index.php?rest_route=\/wp\/v2\/users\/1"}],"replies":[{"embeddable":true,"href":"https:\/\/sublp.go.gov.br\/index.php?rest_route=%2Fwp%2Fv2%2Fcomments&post=10"}],"version-history":[{"count":20,"href":"https:\/\/sublp.go.gov.br\/index.php?rest_route=\/wp\/v2\/pages\/10\/revisions"}],"predecessor-version":[{"id":102,"href":"https:\/\/sublp.go.gov.br\/index.php?rest_route=\/wp\/v2\/pages\/10\/revisions\/102"}],"wp:attachment":[{"href":"https:\/\/sublp.go.gov.br\/index.php?rest_route=%2Fwp%2Fv2%2Fmedia&parent=10"}],"curies":[{"name":"wp","href":"https:\/\/api.w.org\/{rel}","templated":true}]}}