{"id":1057,"date":"2025-08-13T12:57:28","date_gmt":"2025-08-13T15:57:28","guid":{"rendered":"https:\/\/sublp.go.gov.br\/?page_id=1057"},"modified":"2025-11-24T09:55:37","modified_gmt":"2025-11-24T12:55:37","slug":"inventario-de-bens-moveis","status":"publish","type":"page","link":"https:\/\/sublp.go.gov.br\/?page_id=1057","title":{"rendered":"Invent\u00e1rio de Bens M\u00f3veis"},"content":{"rendered":"\n<div class=\"wp-block-columns is-layout-flex wp-container-3 wp-block-columns-is-layout-flex\">\n<div class=\"wp-block-column is-vertically-aligned-top is-layout-flow wp-block-column-is-layout-flow\" style=\"flex-basis:50%\">\n<h2 class=\"wp-block-heading\">\ud83d\udccc O que \u00e9?<\/h2>\n\n\n\n<p style=\"font-size:15px\">O invent\u00e1rio de bens m\u00f3veis \u00e9 o levantamento f\u00edsico de todos os bens permanentes que comp\u00f5em o acervo patrimonial dos \u00f3rg\u00e3os e das entidades do Poder Executivo.<\/p>\n\n\n\n<p style=\"font-size:15px\">Ele tem o objetivo de verificar algumas informa\u00e7\u00f5es, como:<\/p>\n\n\n\n<ul>\n<li style=\"font-size:15px\">Descri\u00e7\u00e3o detalhada do bem<\/li>\n\n\n\n<li style=\"font-size:15px\">Localiza\u00e7\u00e3o exata<\/li>\n\n\n\n<li style=\"font-size:15px\">Estado de conserva\u00e7\u00e3o<\/li>\n\n\n\n<li style=\"font-size:15px\">N\u00famero de patrim\u00f4nio<\/li>\n<\/ul>\n\n\n\n<p style=\"font-size:15px\">Pense no invent\u00e1rio como um \u201craio-x\u201d do acervo patrimonial \u2014 mostra o que existe, onde est\u00e1 e em que condi\u00e7\u00f5es.<\/p>\n<\/div>\n\n\n\n<div class=\"wp-block-column is-vertically-aligned-top is-layout-flow wp-block-column-is-layout-flow\" style=\"flex-basis:50%\">\n<h2 class=\"wp-block-heading has-medium-font-size\">\ud83d\udcc5 Quando acontece?<\/h2>\n\n\n\n<p style=\"font-size:15px\">O invent\u00e1rio \u00e9 realizado em per\u00edodo previamente estabelecido pela unidade central de patrim\u00f4nio. Para sua execu\u00e7\u00e3o, \u00e9 elaborado e divulgado um cronograma, acompanhado de evento oficial de lan\u00e7amento das atividades.<\/p>\n\n\n\n<h2 class=\"wp-block-heading has-medium-font-size\">\ud83c\udfaf Para que serve?<\/h2>\n\n\n\n<ul style=\"font-size:15px\">\n<li><strong>Controle:<\/strong> saber quais bens est\u00e3o sob responsabilidade do \u00f3rg\u00e3o;<\/li>\n\n\n\n<li><strong>Transpar\u00eancia:<\/strong> garantir clareza na gest\u00e3o dos recursos p\u00fablicos;<\/li>\n\n\n\n<li><strong>Planejamento:<\/strong> apoiar decis\u00f5es sobre compras, redistribui\u00e7\u00e3o e desfazimento de bens m\u00f3veis;<\/li>\n\n\n\n<li><strong>Corre\u00e7\u00e3o:<\/strong> corrigir erros e atribuir responsabilidades, se necess\u00e1rio;<\/li>\n\n\n\n<li><strong>Legalidade:<\/strong> Atender \u00e0s exig\u00eancias legais e aos \u00f3rg\u00e3os de controle.<\/li>\n<\/ul>\n<\/div>\n<\/div>\n\n\n\n<h2 class=\"wp-block-heading\">\ud83d\udc65Quem s\u00e3o os envolvidos?<\/h2>\n\n\n\n<p style=\"font-size:15px\">Todos os servidores p\u00fablicos que utilizam bens p\u00fablicos integram, de forma direta ou indireta, o processo de invent\u00e1rio patrimonial, uma vez que a correta gest\u00e3o desses bens demanda a colabora\u00e7\u00e3o de todos os respons\u00e1veis por seu uso e guarda.<\/p>\n\n\n\n<p style=\"font-size:15px\">De modo especial, destaca-se o papel daqueles que comp\u00f5em a equipe respons\u00e1vel pelo acompanhamento e execu\u00e7\u00e3o do invent\u00e1rio, cujas atribui\u00e7\u00f5es s\u00e3o essenciais para assegurar a precis\u00e3o das informa\u00e7\u00f5es, a conformidade legal e a transpar\u00eancia do processo, a saber:<\/p>\n\n\n\n<ul>\n<li style=\"font-size:15px\"> Unidade Setorial de Patrim\u00f4nio;<\/li>\n\n\n\n<li style=\"font-size:15px\">Comiss\u00e3o Permanente de Invent\u00e1rio;<\/li>\n\n\n\n<li style=\"font-size:15px\">Titulares das Unidades Administrativas;<\/li>\n\n\n\n<li style=\"font-size:15px\">Auditores delegados.<br>&nbsp;<\/li>\n<\/ul>\n\n\n\n<h2 class=\"wp-block-heading\">\ud83d\udccb Como funciona?<\/h2>\n\n\n\n<div class=\"wp-block-columns are-vertically-aligned-top is-layout-flex wp-container-9 wp-block-columns-is-layout-flex\">\n<div class=\"wp-block-column is-vertically-aligned-top is-layout-flow wp-block-column-is-layout-flow\" style=\"flex-basis:66.66%\">\n<h3 class=\"wp-block-heading has-medium-font-size\">Aplicativo GO Patrim\u00f4nio M\u00f3vel<\/h3>\n\n\n\n<p>Com a tecnologia, algumas etapas do invent\u00e1rio se tornaram muito mais r\u00e1pida. <\/p>\n\n\n\n<p>Atrav\u00e9s do aplicativo <strong>GO Patrim\u00f4nio M\u00f3vel<\/strong> \u00e9 poss\u00edvel realizar a auditoria de uma unidade administrativa transmitindo automaticamente os dados coletados para o Sistema de Patrim\u00f4nio Mobili\u00e1rio, sem a necessidade de utiliza\u00e7\u00e3o de fichas de invent\u00e1rio em papel. Com isso, reduzimos o tempo de execu\u00e7\u00e3o, minimizamos erros e contribu\u00edmos para a sustentabilidade ambiental.<\/p>\n\n\n\n<p><strong>Sou titular de unidade, posso ter acesso ao aplicativo?<\/strong><\/p>\n\n\n\n<p>Sim! O aplicativo foi pensado justamente para facilitar a sua vida com as auditorias dos bens m\u00f3veis. Voc\u00ea tem acesso apenas aos bens da sua unidade e que est\u00e3o sob a carga patrimonial do titular da unidade administrativa.<\/p>\n\n\n\n<blockquote class=\"wp-block-quote\">\n<p><em>Baixe o aplicativo e solicite a libera\u00e7\u00e3o para a Unidade de Patrim\u00f4nio do seu \u00f3rg\u00e3o para come\u00e7ar a usar.<\/em><\/p>\n<\/blockquote>\n\n\n\n<div class=\"wp-block-columns is-layout-flex wp-container-6 wp-block-columns-is-layout-flex\">\n<div class=\"wp-block-column is-layout-flow wp-block-column-is-layout-flow\">\n<figure class=\"wp-block-image size-full\"><a href=\"https:\/\/play.google.com\/store\/apps\/details?id=br.gov.goias.patrimonio.spm.app\" target=\"_blank\" rel=\"noreferrer noopener\"><img decoding=\"async\" loading=\"lazy\" width=\"563\" height=\"166\" src=\"https:\/\/sublp.go.gov.br\/wp-content\/uploads\/2025\/09\/selo-play-store-1.png\" alt=\"\" class=\"wp-image-1141\" srcset=\"https:\/\/sublp.go.gov.br\/wp-content\/uploads\/2025\/09\/selo-play-store-1.png 563w, https:\/\/sublp.go.gov.br\/wp-content\/uploads\/2025\/09\/selo-play-store-1-300x88.png 300w\" sizes=\"(max-width: 563px) 100vw, 563px\" \/><\/a><\/figure>\n<\/div>\n\n\n\n<div class=\"wp-block-column is-vertically-aligned-center is-layout-flow wp-block-column-is-layout-flow\">\n<figure class=\"wp-block-image size-full\"><a href=\"https:\/\/apps.apple.com\/br\/app\/go-patrim%C3%B4nio-m%C3%B3vel\/id6554000021\" target=\"_blank\" rel=\"noreferrer noopener\"><img decoding=\"async\" loading=\"lazy\" width=\"560\" height=\"166\" src=\"https:\/\/sublp.go.gov.br\/wp-content\/uploads\/2025\/09\/selo-app-store-1.png\" alt=\"\" class=\"wp-image-1140\" srcset=\"https:\/\/sublp.go.gov.br\/wp-content\/uploads\/2025\/09\/selo-app-store-1.png 560w, https:\/\/sublp.go.gov.br\/wp-content\/uploads\/2025\/09\/selo-app-store-1-300x89.png 300w\" sizes=\"(max-width: 560px) 100vw, 560px\" \/><\/a><\/figure>\n<\/div>\n<\/div>\n<\/div>\n\n\n\n<div class=\"wp-block-column is-vertically-aligned-top is-layout-flow wp-block-column-is-layout-flow\" style=\"flex-basis:33.33%\">\n<h3 class=\"wp-block-heading has-medium-font-size\">Etapas do Invent\u00e1rio<\/h3>\n\n\n\n<style> \n#learn-more .list-spaced { \n   padding-left: 1.2rem \n} \n.list-spaced li { \n   padding: 5px 0;\n   font-size: 16px; \n}\n<\/style>\n\n\n\n<ol class=\"list-spaced\">\n<li><strong>Planejamento:<\/strong> defini\u00e7\u00e3o de equipes, institui\u00e7\u00e3o da comiss\u00e3o, prazos e metodologia.<\/li>\n\n\n\n<li><strong>Identifica\u00e7\u00e3o dos bens:<\/strong>  etiquetagem com n\u00famero de patrim\u00f4nio e c\u00f3digo de barras.<\/li>\n\n\n\n<li><strong>Coleta de dados:<\/strong> realiza\u00e7\u00e3o das auditorias in loco pelo GO Patrim\u00f4nio M\u00f3vel.<\/li>\n\n\n\n<li><strong>Confer\u00eancia: <\/strong>compara\u00e7\u00e3o entre dados f\u00edsicos e registros no sistema.<\/li>\n\n\n\n<li><strong>Ajustes:<\/strong> corre\u00e7\u00e3o de diverg\u00eancias, reavalia\u00e7\u00e3o e atualiza\u00e7\u00e3o das informa\u00e7\u00f5es.<\/li>\n\n\n\n<li><strong>Relat\u00f3rios: <\/strong>Emiss\u00e3o de documentos oficiais e envio aos \u00f3rg\u00e3os de controle.<\/li>\n<\/ol>\n<\/div>\n<\/div>\n\n\n\n<hr class=\"wp-block-separator has-alpha-channel-opacity\"\/>\n\n\n\n<div class=\"wp-block-columns alignwide is-layout-flex wp-container-13 wp-block-columns-is-layout-flex\" id=\"learn-more\" style=\"margin-bottom:0\">\n<div class=\"wp-block-column has-text-color has-background has-link-color wp-elements-8c475cf19f09eec6dbf10e125a6822fa is-layout-flow wp-block-column-is-layout-flow\" style=\"color:#000000;background-color:#ffe97d;padding-top:2em;padding-right:2em;padding-bottom:2em;padding-left:2em\">\n<h2 class=\"wp-block-heading\" id=\"single\" style=\"font-size:36px\"><strong>Legisla\u00e7\u00f5es<\/strong><\/h2>\n\n\n\n<p class=\"has-normal-font-size\" style=\"line-height:1.5\">Leis, decretos e regulamentos que estabelecem diretrizes para o invent\u00e1rio dos bens patrimoniais m\u00f3veis.<\/p>\n\n\n\n<hr class=\"wp-block-separator has-text-color has-css-opacity has-background is-style-wide\" style=\"background-color:#000000;color:#000000\"\/>\n\n\n\n<ul class=\"list-spaced has-normal-font-size\">\n<li><a href=\"https:\/\/sublp.go.gov.br\/wp-content\/uploads\/2025\/09\/in-05-2019-inventario-bens-moveis.pdf\" target=\"_blank\" rel=\"noreferrer noopener\"><strong>Instru\u00e7\u00e3o Normativa n\u00ba 005\/2019<\/strong><\/a><strong>: <\/strong>estabelece a necessidade de realizar o invent\u00e1rio de bens m\u00f3veis.<\/li>\n\n\n\n<li><a href=\"https:\/\/sublp.go.gov.br\/wp-content\/uploads\/2025\/09\/in-01-2020-reavaliacao-depreciacao-bens-moveis.pdf\" target=\"_blank\" rel=\"noreferrer noopener\"><strong>Instru\u00e7\u00e3o Normativa Intersecretarial n\u00ba 01\/2020<\/strong><\/a><strong>:<\/strong> disp\u00f5e sobre os procedimentos para reavalia\u00e7\u00e3o e deprecia\u00e7\u00e3o dos bens m\u00f3veis.<\/li>\n\n\n\n<li><strong>I<a href=\"https:\/\/sublp.go.gov.br\/wp-content\/uploads\/2025\/09\/in-03-2023-bens-intangiveis.pdf\" target=\"_blank\" rel=\"noreferrer noopener\">nstru\u00e7\u00e3o Normativa Intersecretarial n\u00ba 003\/2023<\/a><\/strong>: dispoe sobre o reconhecimento cont\u00e1bil de bens intang\u00edveis.<\/li>\n<\/ul>\n<\/div>\n\n\n\n<div class=\"wp-block-column has-text-color has-background has-link-color wp-elements-68145351023466d6a3f872388b92a698 is-layout-flow wp-block-column-is-layout-flow\" style=\"color:#000000;background-color:#d1d1e1;padding-top:2em;padding-right:2em;padding-bottom:2em;padding-left:2em\">\n<h2 class=\"wp-block-heading\" id=\"family\" style=\"font-size:36px\"><strong><strong>Procedimentos<\/strong><\/strong><\/h2>\n\n\n\n<p class=\"has-normal-font-size\" style=\"line-height:1.5\">Pr\u00e1ticas para otimizar e garantir a efetividade da execu\u00e7\u00e3o das atividades de invent\u00e1rio dos bens patrimoniais m\u00f3veis.<\/p>\n\n\n\n<hr class=\"wp-block-separator has-css-opacity is-style-wide\"\/>\n\n\n\n<ul class=\"list-spaced has-normal-font-size\">\n<li><strong><a href=\"https:\/\/sublp.go.gov.br\/wp-content\/uploads\/2025\/09\/manual-inventario-bens-moveis.pdf\" target=\"_blank\" rel=\"noreferrer noopener\">Manual de Invent\u00e1rio de Bens M\u00f3veis<\/a>:<\/strong>\u00a0orienta sobre a auditoria, controle e atualiza\u00e7\u00e3o patrimonial.<\/li>\n\n\n\n<li><strong>Manual de Invent\u00e1rio de Bens Intang\u00edveis:<\/strong> orienta sobre o reconhecimento e mensura\u00e7\u00e3o de softwares, licen\u00e7as, patentes, etc.<\/li>\n\n\n\n<li><strong><a href=\"https:\/\/sublp.go.gov.br\/wp-content\/uploads\/2025\/09\/manual-reavaliacao-bens-moveis.pdf\" target=\"_blank\" rel=\"noreferrer noopener\">Manual de Reavalia\u00e7\u00e3o de Bens M\u00f3veis<\/a>:<\/strong>\u00a0instrui sobre a reavalia\u00e7\u00e3o dos bens de acordo com os valores de mercado.<\/li>\n\n\n\n<li><span><a rel=\"noreferrer noopener\" href=\"https:\/\/sublp.go.gov.br\/wp-content\/uploads\/2025\/09\/manual-app-go-patrimonio-movel.pdf\" target=\"_blank\"><strong>Manual do GO Patrim\u00f4nio M\u00f3vel<\/strong><\/a><\/span><strong>:<\/strong>\u00a0instrui sobre o uso do aplicativo no invent\u00e1rio.<\/li>\n\n\n\n<li><strong><a href=\"https:\/\/sublp.go.gov.br\/wp-content\/uploads\/2025\/09\/p1-realizar_inventario_patrimonial-bens-moveis-v9-scaled.jpg\" target=\"_blank\" rel=\"noreferrer noopener\">Processo de Invent\u00e1rio de bens m\u00f3veis<\/a>:<\/strong>\u00a0fluxo das atividades do invent\u00e1rio.<\/li>\n<\/ul>\n<\/div>\n\n\n\n<div class=\"wp-block-column has-text-color has-background has-link-color wp-elements-e2120cf43f4a6207abc924e6b044ce5a is-layout-flow wp-block-column-is-layout-flow\" style=\"color:#000000;background-color:#c0ebf1;padding-top:2em;padding-right:2em;padding-bottom:2em;padding-left:2em\">\n<h2 class=\"wp-block-heading\" id=\"patron\" style=\"font-size:36px\"><strong>Modelos<\/strong><\/h2>\n\n\n\n<p class=\"has-normal-font-size\">Minutas e modelos padr\u00f5es dos documentos necess\u00e1rios para a realiza\u00e7\u00e3o do invent\u00e1rio de bens patrimoniais m\u00f3veis.<\/p>\n\n\n\n<hr class=\"wp-block-separator has-css-opacity is-style-wide\"\/>\n\n\n\n<ul class=\"list-spaced has-normal-font-size\">\n<li><a href=\"https:\/\/sublp.go.gov.br\/wp-content\/uploads\/2025\/09\/minuta-plano-acao-inventario-bens-moveis.docx\" target=\"_blank\" rel=\"noreferrer noopener\">Plano de A\u00e7\u00e3o do Invent\u00e1rio<\/a><\/li>\n\n\n\n<li><a href=\"https:\/\/sublp.go.gov.br\/wp-content\/uploads\/2025\/09\/minuta-portaria-comissao-inventario-bens-moveis.docx\" target=\"_blank\" rel=\"noreferrer noopener\">Portaria da Comiss\u00e3o de Invent\u00e1rio<\/a><\/li>\n\n\n\n<li><a href=\"https:\/\/sublp.go.gov.br\/wp-content\/uploads\/2025\/09\/minuta-portaria-comissao-avaliacao-bens-moveis.docx\" target=\"_blank\" rel=\"noreferrer noopener\">Portaria da Comiss\u00e3o de Avalia\u00e7\u00e3o de Bens<\/a><\/li>\n\n\n\n<li><a href=\"https:\/\/sublp.go.gov.br\/wp-content\/uploads\/2025\/09\/minuta-oficio-comunicacao-inventario-bens-moveis.docx\" target=\"_blank\" rel=\"noreferrer noopener\">Of\u00edcio de Comunica\u00e7\u00e3o do Invent\u00e1rio<\/a><\/li>\n\n\n\n<li><a href=\"https:\/\/sublp.go.gov.br\/wp-content\/uploads\/2025\/09\/minuta-termo-abertura-inventario-bens-moveis.docx\" target=\"_blank\" rel=\"noreferrer noopener\">Termo de Abertura de Invent\u00e1rio<\/a><\/li>\n\n\n\n<li><a href=\"https:\/\/sublp.go.gov.br\/wp-content\/uploads\/2025\/09\/minuta-termo-encerramento-inventario-bens-moveis.docx\" target=\"_blank\" rel=\"noreferrer noopener\">Termo de Encerramento de Invent\u00e1rio<\/a><\/li>\n\n\n\n<li><a href=\"https:\/\/sublp.go.gov.br\/wp-content\/uploads\/2025\/09\/minuta-declaracao-comissao-inventario-bens-moveis.docx\" target=\"_blank\" rel=\"noreferrer noopener\">Declara\u00e7\u00e3o da Comiss\u00e3o de Invent\u00e1rio<\/a><\/li>\n<\/ul>\n<\/div>\n<\/div>\n","protected":false},"excerpt":{"rendered":"<p>\ud83d\udccc O que \u00e9? O invent\u00e1rio de bens m\u00f3veis \u00e9 o levantamento f\u00edsico de todos os bens permanentes que comp\u00f5em o acervo patrimonial dos \u00f3rg\u00e3os e das entidades do Poder Executivo. Ele tem o objetivo de verificar algumas informa\u00e7\u00f5es, como: Pense no invent\u00e1rio como um \u201craio-x\u201d do acervo patrimonial \u2014 mostra o que existe, onde [&hellip;]<\/p>\n","protected":false},"author":3,"featured_media":0,"parent":152,"menu_order":0,"comment_status":"closed","ping_status":"closed","template":"","meta":{"footnotes":""},"_links":{"self":[{"href":"https:\/\/sublp.go.gov.br\/index.php?rest_route=\/wp\/v2\/pages\/1057"}],"collection":[{"href":"https:\/\/sublp.go.gov.br\/index.php?rest_route=\/wp\/v2\/pages"}],"about":[{"href":"https:\/\/sublp.go.gov.br\/index.php?rest_route=\/wp\/v2\/types\/page"}],"author":[{"embeddable":true,"href":"https:\/\/sublp.go.gov.br\/index.php?rest_route=\/wp\/v2\/users\/3"}],"replies":[{"embeddable":true,"href":"https:\/\/sublp.go.gov.br\/index.php?rest_route=%2Fwp%2Fv2%2Fcomments&post=1057"}],"version-history":[{"count":131,"href":"https:\/\/sublp.go.gov.br\/index.php?rest_route=\/wp\/v2\/pages\/1057\/revisions"}],"predecessor-version":[{"id":1241,"href":"https:\/\/sublp.go.gov.br\/index.php?rest_route=\/wp\/v2\/pages\/1057\/revisions\/1241"}],"up":[{"embeddable":true,"href":"https:\/\/sublp.go.gov.br\/index.php?rest_route=\/wp\/v2\/pages\/152"}],"wp:attachment":[{"href":"https:\/\/sublp.go.gov.br\/index.php?rest_route=%2Fwp%2Fv2%2Fmedia&parent=1057"}],"curies":[{"name":"wp","href":"https:\/\/api.w.org\/{rel}","templated":true}]}}