{"id":117,"date":"2023-09-05T14:17:30","date_gmt":"2023-09-05T17:17:30","guid":{"rendered":"https:\/\/helpsei.go.gov.br\/sublp\/?page_id=117"},"modified":"2025-11-24T09:55:37","modified_gmt":"2025-11-24T12:55:37","slug":"acessibilidade","status":"publish","type":"page","link":"https:\/\/sublp.go.gov.br\/?page_id=117","title":{"rendered":"Acessibilidade"},"content":{"rendered":"\n<p>O termo acessibilidade significa incluir a pessoa com defici\u00eancia na participa\u00e7\u00e3o de atividades como o uso de produtos, servi\u00e7os e informa\u00e7\u00f5es. O atual modelo de identidade digital possui, na parte superior do site, uma barra de acessibilidade onde est\u00e3o os atalhos de navega\u00e7\u00e3o padronizados e a fun\u00e7\u00e3o para alterar o contraste.<\/p>\n\n\n\n<p>Na internet, acessibilidade refere-se principalmente \u00e0s recomenda\u00e7\u00f5es do WCAG (World Content Accessibility Guide) do W3C e no caso do Governo Brasileiro ao e-MAG (Modelo de Acessibilidade em Governo Eletr\u00f4nico). O e-MAG est\u00e1 alinhado as recomenda\u00e7\u00f5es internacionais, mas estabelece padr\u00f5es de comportamento acess\u00edvel para sites governamentais.<\/p>\n\n\n\n<p>Na parte superior do portal existe uma barra de acessibilidade onde se encontra atalhos de navega\u00e7\u00e3o padronizados e a op\u00e7\u00e3o para alterar o contraste. Essas ferramentas est\u00e3o dispon\u00edveis em todas as p\u00e1ginas do portal.<\/p>\n\n\n\n<p><strong>Atalhos pelo teclado:<\/strong><\/p>\n\n\n\n<ul>\n<li>\u00c1rea de conte\u00fado (<strong>1<\/strong>);<\/li>\n\n\n\n<li>Menu Principal (<strong>2<\/strong>);<\/li>\n\n\n\n<li>Busca (<strong>3<\/strong>);<\/li>\n\n\n\n<li>Rodap\u00e9 (<strong>4<\/strong>);<\/li>\n<\/ul>\n\n\n\n<p>Teclando-se&nbsp;<strong>Alt + 1<\/strong>&nbsp;em qualquer p\u00e1gina do site, chega-se diretamente ao come\u00e7o do conte\u00fado principal da p\u00e1gina.<br>Teclando-se&nbsp;<strong>Alt + 2<\/strong>&nbsp;em qualquer p\u00e1gina do site, chega-se diretamente ao in\u00edcio do menu principal.<br>Teclando-se&nbsp;<strong>Alt + 3<\/strong>&nbsp;em qualquer p\u00e1gina do site, chega-se diretamente ao campo de busca.<br>Teclando-se&nbsp;<strong>Alt + 4<\/strong>&nbsp;em qualquer p\u00e1gina do site, chega-se diretamente ao rodap\u00e9.<br>Redimensionamento de texto&nbsp;<strong>Ctrl + 0<\/strong>.<br>Teclando-se&nbsp;<strong>Ctrl +<\/strong>&nbsp;aumenta a fonte.<br>Teclando-se&nbsp;<strong>Ctrl &#8211;<\/strong>&nbsp;diminui&nbsp; a fonte.<\/p>\n\n\n\n<p>No caso do Firefox, em vez de Alt + n\u00famero, tecle simultaneamente Alt + Shift + n\u00famero. Sendo Firefox no Mac OS, em vez de Alt + Shift + n\u00famero, tecle simultaneamente Ctrl + Alt + n\u00famero.<\/p>\n\n\n\n<p>No Opera, as teclas s\u00e3o Shift + Escape + n\u00famero. Ao teclar apenas Shift + Escape, o usu\u00e1rio encontrar\u00e1 uma janela com todas as alternativas de ACCESSKEY da p\u00e1gina.<\/p>\n\n\n\n<p><strong>Tamanho da letra<\/strong><\/p>\n\n\n\n<p>A maioria dos navegadores atuais j\u00e1 possuem implementa\u00e7\u00f5es pr\u00f3prias para ajustes de tamanho de letra e a mesma pode ser usada para esse portal. Para isso basta usar as seguintes combina\u00e7\u00f5es de teclas:<\/p>\n\n\n\n<p>*Aumentar letra: \u201cctrl +\u201d no Windows ou \u201ccmd +\u201d no Mac OS&nbsp;<\/p>\n\n\n\n<p>*Diminuir letra: \u201cctrl -\u201d no Windows ou \u201ccmd -\u201d no Mac OS&nbsp;<\/p>\n\n\n\n<p>*Tamanho original: \u201cctrl 0(zero)\u201d no Windows ou \u201ccmd 0(zero)\u201d no Mac OS&nbsp;<\/p>\n\n\n\n<p>Alguns navegadores tamb\u00e9m aceitam mudan\u00e7a de tamanho usando a roda do mouse, enquanto se mant\u00e9m a tecla \u201cctrl\u201d ou \u201ccmd\u201d pressionada.<\/p>\n\n\n\n<p><strong>Leis e decretos sobre acessibilidade:<\/strong><\/p>\n\n\n\n<ul>\n<li><a href=\"http:\/\/www.planalto.gov.br\/ccivil_03\/_ato2015-2018\/2015\/lei\/l13146.htm\">Lei n\u00ba 13.146, de 6 de Julho de 2015<\/a>&nbsp;&#8211; Institui a Lei Brasileira de Inclus\u00e3o da Pessoa com Defici\u00eancia (Estatuto da Pessoa com Defici\u00eancia).<\/li>\n\n\n\n<li><a href=\"https:\/\/www.governodigital.gov.br\/documentos-e-arquivos\/portaria3_eMAG.pdf\">Portaria n\u00ba 03, de 07 de Maio de 2007<\/a>&nbsp;&#8211; formato .pdf (35,5Kb) &#8211; Institucionaliza o Modelo de Acessibilidade em Governo Eletr\u00f4nico \u2013 eMAG<\/li>\n\n\n\n<li><a href=\"https:\/\/www.w3.org\/Translations\/WCAG20-pt-br\/\">WCAG 2.0 de 2008<\/a>&nbsp;&#8211; Diretrizes de Acessibilidade para Conte\u00fado Web do Cons\u00f3rcio World Wide Web.<\/li>\n\n\n\n<li><a href=\"http:\/\/www.planalto.gov.br\/ccivil_03\/_ato2011-2014\/2012\/decreto\/d7724.htm\">Decreto n\u00ba 7.724, de 16 de Maio de 2012<\/a>&nbsp;&#8211; Regulamenta a Lei No 12.527, que disp\u00f5e sobre o acesso a informa\u00e7\u00f5es.<\/li>\n\n\n\n<li><a href=\"http:\/\/www.planalto.gov.br\/ccivil_03\/_ato2007-2010\/2009\/decreto\/d6949.htm\">Decreto n\u00ba 6.949, de 25 de agosto de 2009<\/a>&nbsp;&#8211; Promulga a Conven\u00e7\u00e3o Internacional sobre os Direitos das Pessoas com Defici\u00eancia e seu Protocolo Facultativo, assinados em Nova York, em 30 de mar\u00e7o de 2007.<\/li>\n\n\n\n<li><a href=\"http:\/\/www.planalto.gov.br\/ccivil_03\/_Ato2004-2006\/2004\/Decreto\/D5296.htm\">Decreto n\u00ba 5.296 de 02 de dezembro de 2004<\/a>&nbsp;&#8211; Regulamenta as Leis nos 10.048, de 8 de novembro de 2000, que d\u00e1 prioridade de atendimento \u00e0s pessoas que especifica, e 10.098, de 19 de dezembro de 2000, que estabelece normas gerais e crit\u00e9rios b\u00e1sicos para a promo\u00e7\u00e3o da acessibilidade das pessoas portadoras de defici\u00eancia ou com mobilidade reduzida, e d\u00e1 outras provid\u00eancias.<\/li>\n<\/ul>\n\n\n\n<p><strong>D\u00favidas, sugest\u00f5es e cr\u00edticas:<\/strong><\/p>\n\n\n\n<p>No caso de problemas com a acessibilidade do portal, favor entrar em contato com o Governo Eletr\u00f4nico pelo telefone: (62) 3269-4261<\/p>\n","protected":false},"excerpt":{"rendered":"<p>O termo acessibilidade significa incluir a pessoa com defici\u00eancia na participa\u00e7\u00e3o de atividades como o uso de produtos, servi\u00e7os e informa\u00e7\u00f5es. O atual modelo de identidade digital possui, na parte superior do site, uma barra de acessibilidade onde est\u00e3o os atalhos de navega\u00e7\u00e3o padronizados e a fun\u00e7\u00e3o para alterar o contraste. Na internet, acessibilidade refere-se [&hellip;]<\/p>\n","protected":false},"author":1,"featured_media":0,"parent":0,"menu_order":0,"comment_status":"closed","ping_status":"closed","template":"","meta":{"footnotes":""},"_links":{"self":[{"href":"https:\/\/sublp.go.gov.br\/index.php?rest_route=\/wp\/v2\/pages\/117"}],"collection":[{"href":"https:\/\/sublp.go.gov.br\/index.php?rest_route=\/wp\/v2\/pages"}],"about":[{"href":"https:\/\/sublp.go.gov.br\/index.php?rest_route=\/wp\/v2\/types\/page"}],"author":[{"embeddable":true,"href":"https:\/\/sublp.go.gov.br\/index.php?rest_route=\/wp\/v2\/users\/1"}],"replies":[{"embeddable":true,"href":"https:\/\/sublp.go.gov.br\/index.php?rest_route=%2Fwp%2Fv2%2Fcomments&post=117"}],"version-history":[{"count":1,"href":"https:\/\/sublp.go.gov.br\/index.php?rest_route=\/wp\/v2\/pages\/117\/revisions"}],"predecessor-version":[{"id":118,"href":"https:\/\/sublp.go.gov.br\/index.php?rest_route=\/wp\/v2\/pages\/117\/revisions\/118"}],"wp:attachment":[{"href":"https:\/\/sublp.go.gov.br\/index.php?rest_route=%2Fwp%2Fv2%2Fmedia&parent=117"}],"curies":[{"name":"wp","href":"https:\/\/api.w.org\/{rel}","templated":true}]}}