{"id":2,"date":"2023-08-14T14:57:02","date_gmt":"2023-08-14T17:57:02","guid":{"rendered":"https:\/\/helpsei.go.gov.br\/sublp\/?page_id=2"},"modified":"2025-11-24T09:55:38","modified_gmt":"2025-11-24T12:55:38","slug":"pagina-exemplo","status":"publish","type":"page","link":"https:\/\/sublp.go.gov.br\/","title":{"rendered":"Subsecretaria de Log\u00edstica e Patrim\u00f4nio"},"content":{"rendered":"\n<p class=\"has-text-align-center\" style=\"font-size:16px\"><strong><u>Subsecretaria de Log\u00edstica e Patrim\u00f4nio<\/u><\/strong><\/p>\n\n\n\n<p style=\"font-size:16px\">A Subsecretaria de Log\u00edstica e Patrim\u00f4nio &#8211; SUBLP, a qual compete exercer as fun\u00e7\u00f5es de organiza\u00e7\u00e3o, coordena\u00e7\u00e3o e supervis\u00e3o t\u00e9cnica das superintend\u00eancias, a partir da organiza\u00e7\u00e3o administrativa de Lei n\u00ba 21.792, de 16 de fevereiro de 2023, distribui e organiza suas compet\u00eancias em 3 (tr\u00eas) superintend\u00eancias centrais:&nbsp;<\/p>\n\n\n\n<p style=\"font-size:16px\">I-Superintend\u00eancia Central do Patrim\u00f4nio Imobili\u00e1rio-SUPATI;&nbsp;<\/p>\n\n\n\n<p style=\"font-size:16px\">II-Superintend\u00eancia Central de Log\u00edstica e Patrim\u00f4nio Mobili\u00e1rio- SCLPM; e&nbsp;<\/p>\n\n\n\n<p style=\"font-size:16px\">III-Superintend\u00eancia Central de Compras e Contratos-SCC.&nbsp;<\/p>\n\n\n\n<div><a href=\"https:\/\/maps.app.goo.gl\/m1gsq4BjmwK98U3V6\" target=\"_blank\" rel=\"noopener\"><i class=\"fa-solid fa-location-dot\" style=\"margin: 5px 5px 20px 0; float: left;\"><\/i><\/a> Av. Laur\u00edcio Pedro Rasmussem n\u00ba 2.535<br> Vila Yate, Goi\u00e2nia\/GO, CEP 74.621-005 <\/div>\n<div><a href=\"mailto:sublp.sead@goias.gov.br\"><i class=\"fa-solid fa-envelope\" style=\"margin: 5px 5px 0 0; float: left;\"><\/i><\/a> scpatrimonio.sead@goias.gov.br<\/div>\n<div><a href=\"https:\/\/wa.me\/message\/D4Q6WXSLU2PIC1\" target=\"_blank\" rel=\"noopener\"><i class=\"fa-brands fa-whatsapp\" style=\"margin: 5px 5px 20px 0; float: left;\"><\/i><\/a> (62)  3201-8500<\/div>\n\n\n\n<div class=\"wp-block-columns is-layout-flex wp-container-2 wp-block-columns-is-layout-flex\">\n<div class=\"wp-block-column is-layout-flow wp-block-column-is-layout-flow\" style=\"flex-basis:100%\"><\/div>\n<\/div>\n","protected":false},"excerpt":{"rendered":"<p>Subsecretaria de Log\u00edstica e Patrim\u00f4nio A Subsecretaria de Log\u00edstica e Patrim\u00f4nio &#8211; SUBLP, a qual compete exercer as fun\u00e7\u00f5es de organiza\u00e7\u00e3o, coordena\u00e7\u00e3o e supervis\u00e3o t\u00e9cnica das superintend\u00eancias, a partir da organiza\u00e7\u00e3o administrativa de Lei n\u00ba 21.792, de 16 de fevereiro de 2023, distribui e organiza suas compet\u00eancias em 3 (tr\u00eas) superintend\u00eancias centrais:&nbsp; I-Superintend\u00eancia Central do [&hellip;]<\/p>\n","protected":false},"author":1,"featured_media":57,"parent":0,"menu_order":0,"comment_status":"closed","ping_status":"open","template":"","meta":{"footnotes":""},"_links":{"self":[{"href":"https:\/\/sublp.go.gov.br\/index.php?rest_route=\/wp\/v2\/pages\/2"}],"collection":[{"href":"https:\/\/sublp.go.gov.br\/index.php?rest_route=\/wp\/v2\/pages"}],"about":[{"href":"https:\/\/sublp.go.gov.br\/index.php?rest_route=\/wp\/v2\/types\/page"}],"author":[{"embeddable":true,"href":"https:\/\/sublp.go.gov.br\/index.php?rest_route=\/wp\/v2\/users\/1"}],"replies":[{"embeddable":true,"href":"https:\/\/sublp.go.gov.br\/index.php?rest_route=%2Fwp%2Fv2%2Fcomments&post=2"}],"version-history":[{"count":58,"href":"https:\/\/sublp.go.gov.br\/index.php?rest_route=\/wp\/v2\/pages\/2\/revisions"}],"predecessor-version":[{"id":913,"href":"https:\/\/sublp.go.gov.br\/index.php?rest_route=\/wp\/v2\/pages\/2\/revisions\/913"}],"wp:featuredmedia":[{"embeddable":true,"href":"https:\/\/sublp.go.gov.br\/index.php?rest_route=\/wp\/v2\/media\/57"}],"wp:attachment":[{"href":"https:\/\/sublp.go.gov.br\/index.php?rest_route=%2Fwp%2Fv2%2Fmedia&parent=2"}],"curies":[{"name":"wp","href":"https:\/\/api.w.org\/{rel}","templated":true}]}}