{"id":233,"date":"2023-10-04T11:46:39","date_gmt":"2023-10-04T14:46:39","guid":{"rendered":"https:\/\/sublp.go.gov.br\/?page_id=233"},"modified":"2025-11-24T09:55:37","modified_gmt":"2025-11-24T12:55:37","slug":"gestao-de-suprimentos","status":"publish","type":"page","link":"https:\/\/sublp.go.gov.br\/?page_id=233","title":{"rendered":"A Gest\u00e3o de Suprimentos"},"content":{"rendered":"\n<div class=\"wp-block-columns is-layout-flex wp-container-3 wp-block-columns-is-layout-flex\">\n<div class=\"wp-block-column is-vertically-aligned-top is-layout-flow wp-block-column-is-layout-flow\" style=\"flex-basis:75%\">\n<p style=\"font-size:15px\">A Gest\u00e3o de Suprimentos desempenha um papel crucial na efici\u00eancia do governo do Estado de Goi\u00e1s, assegurando a gest\u00e3o eficiente dos materiais de apoio a presta\u00e7\u00e3o de servi\u00e7os ao cidad\u00e3o e a economia de recursos p\u00fablicos.<\/p>\n\n\n\n<p style=\"font-size:15px\">Ela \u00e9 respons\u00e1vel por gerir estoques de materiais n\u00e3o permanentes, definir pol\u00edticas de gest\u00e3o, coordenar a\u00e7\u00f5es estrat\u00e9gicas, racionalizar gastos, aprovar planos anuais, gerenciar o descarte de materiais, e avaliar a gest\u00e3o p\u00fablica, buscando efici\u00eancia e economia de recursos p\u00fablicos. Ele abrange um conjunto de processos e politicas com o objetivo de gerir materiais n\u00e3o permanentes, transformando-os em bens de estoque, evitando a imobiliza\u00e7\u00e3o de capital.<\/p>\n<\/div>\n\n\n\n<div class=\"wp-block-column is-vertically-aligned-center is-layout-flow wp-block-column-is-layout-flow\" style=\"flex-basis:35%\" id=\"fale-conosco\">\n<h2 class=\"wp-block-heading\">Fale Conosco<\/h2>\n\n\n\n<p><strong>Ger\u00eancia de Suprimentos<\/strong><\/p>\n\n\n\n<div><a href=\"https:\/\/maps.app.goo.gl\/m1gsq4BjmwK98U3V6\" target=\"_blank\" rel=\"noopener\"><i class=\"fa-solid fa-location-dot\" style=\"margin: 5px 5px 20px 0; float: left;\"><\/i><\/a> Av. Laur\u00edcio Pedro Rasmussem n\u00ba 2.535<br> Vila Yate, Goi\u00e2nia\/GO, CEP 74.621-005 <\/div>\n<div><a href=\"mailto:sigmate@goias.gov.br\"><i class=\"fa-solid fa-envelope\" style=\"margin: 5px 5px 0 0; float: left;\"><\/i><\/a> sigmate@goias.gov.br<\/div>\n<div><a href=\"https:\/\/wa.me\/message\/D4Q6WXSLU2PIC1\" target=\"_blank\" rel=\"noopener\"><i class=\"fa-brands fa-whatsapp\" style=\"margin: 5px 5px 20px 0; float: left;\"><\/i><\/a> (62) 3201-8781<\/div>\n<\/div>\n<\/div>\n\n\n\n<p><\/p>\n\n\n\n<div class=\"wp-block-columns alignwide is-layout-flex wp-container-10 wp-block-columns-is-layout-flex\" style=\"margin-bottom:0\">\n<div class=\"wp-block-column has-text-color has-background has-link-color wp-elements-611f3c05116615b24ba3b7e8361dd2f0 is-layout-flow wp-block-column-is-layout-flow\" style=\"color:#000000;background-color:#ffe97d;padding-top:2em;padding-right:2em;padding-bottom:2em;padding-left:2em\">\n<h2 class=\"wp-block-heading\" id=\"single\" style=\"font-size:32px\"><strong>Legisla\u00e7\u00f5es<\/strong><\/h2>\n\n\n\n<p class=\"has-normal-font-size\" style=\"line-height:1.5\"><strong>Leis, decretos e regulamentos que estabelecem diretrizes para o controle e manuseio de estoques de materiais n\u00e3o permanentes.<\/strong> <\/p>\n\n\n\n<hr class=\"wp-block-separator has-text-color has-css-opacity has-background is-style-wide\" style=\"background-color:#000000;color:#000000\"\/>\n\n\n\n<ul class=\"has-normal-font-size\">\n<li style=\"font-size:15px\"><a rel=\"noreferrer noopener\" href=\"https:\/\/legisla.casacivil.go.gov.br\/pesquisa_legislacao\/66800\/decreto-8043\" target=\"_blank\"><strong>Decreto Estadual n\u00ba 8.043\/2013<\/strong><\/a> institui o Sistema de Gest\u00e3o de Materiais do Estado<\/li>\n\n\n\n<li style=\"font-size:15px\"><a rel=\"noreferrer noopener\" href=\"https:\/\/gnoi.tce.go.gov.br\/atoNormativo\/Publicado?id=15561\" data-type=\"link\" data-id=\"https:\/\/gnoi.tce.go.gov.br\/atoNormativo\/Publicado?id=15561\" target=\"_blank\"><strong>Resolu\u00e7\u00e3o Normativa n\u00ba 3\/2022<\/strong><\/a> orienta a apresenta\u00e7\u00e3o da Presta\u00e7\u00e3o de Contas.<\/li>\n<\/ul>\n\n\n\n<div class=\"wp-block-buttons alignfull is-horizontal is-content-justification-center is-layout-flex wp-container-4 wp-block-buttons-is-layout-flex\">\n<div class=\"wp-block-button has-custom-width wp-block-button__width-100\"><a class=\"wp-block-button__link has-white-color has-text-color has-background no-border-radius wp-element-button\" href=\"https:\/\/sublp.go.gov.br\/?p=302\" style=\"background-color:#000000\">Conhe\u00e7a outras <strong>legisla\u00e7\u00f5es aplic\u00e1veis<\/strong> a Gest\u00e3o de Suprimentos<\/a><\/div>\n<\/div>\n<\/div>\n\n\n\n<div class=\"wp-block-column has-text-color has-background has-link-color wp-elements-f0ea2b56047729980f1c56a988cc9790 is-layout-flow wp-block-column-is-layout-flow\" style=\"color:#000000;background-color:#d1d1e1;padding-top:2em;padding-right:2em;padding-bottom:2em;padding-left:2em\">\n<h2 class=\"wp-block-heading\" id=\"family\" style=\"font-size:32px\"><strong>Procedimentos<\/strong><\/h2>\n\n\n\n<p class=\"has-normal-font-size\" style=\"line-height:1.5\"><strong>Pr\u00e1ticas organizacionais para controlar, otimizar e garantir a disponibilidade de produtos, minimizando custos e perdas.<\/strong><\/p>\n\n\n\n<hr class=\"wp-block-separator has-css-opacity is-style-wide\"\/>\n\n\n\n<ul class=\"has-normal-font-size\">\n<li style=\"font-size:15px\"><strong><a href=\"https:\/\/sublp.go.gov.br\/wp-content\/uploads\/2023\/11\/Inventario-Geral-de-Estoques-2023.pdf\">Invent\u00e1rio Geral de  Estoques\/2023<\/a><\/strong>: orienta\u00e7\u00f5es sobre o encerramento cont\u00e1bil e o planejamento do invent\u00e1rio, a realiza\u00e7\u00e3o da contagem e a avalia\u00e7\u00e3o dos resultados<\/li>\n<\/ul>\n\n\n\n<div class=\"wp-block-buttons alignfull is-horizontal is-content-justification-center is-layout-flex wp-container-6 wp-block-buttons-is-layout-flex\">\n<div class=\"wp-block-button has-custom-width wp-block-button__width-100 is-style-fill\"><a class=\"wp-block-button__link has-white-color has-text-color has-background no-border-radius wp-element-button\" style=\"background-color:#000000\">Saiba mais sobre os <strong>procedimentos <\/strong>para um Controle de Estoque eficiente <\/a><\/div>\n<\/div>\n<\/div>\n\n\n\n<div class=\"wp-block-column has-text-color has-background has-link-color wp-elements-678d66be7b06334fc69599a5f0bc2fc8 is-layout-flow wp-block-column-is-layout-flow\" style=\"color:#000000;background-color:#c0ebf1;padding-top:2em;padding-right:2em;padding-bottom:2em;padding-left:2em\">\n<h2 class=\"wp-block-heading\" id=\"patron\" style=\"font-size:32px\"><strong>Capacita\u00e7\u00f5es<\/strong><\/h2>\n\n\n\n<p class=\"has-normal-font-size\"><strong>Habilidades e conhecimentos necess\u00e1rios para gerenciar eficazmente o estoque dos \u00f3rg\u00e3os e entidades p\u00fablicas.<\/strong><\/p>\n\n\n\n<hr class=\"wp-block-separator has-css-opacity is-style-wide\"\/>\n\n\n\n<ul class=\"has-normal-font-size\">\n<li style=\"font-size:15px\"><a href=\"#\"><strong>Fundamentos da Gest\u00e3o de Estoques<\/strong><\/a>: aborda as t\u00e9cnicas e pr\u00e1ticas da gest\u00e3o de estoque \u00e0 luz do setor p\u00fablico.<\/li>\n\n\n\n<li style=\"font-size:15px\"><a href=\"#\"><strong>SIGMATE<\/strong><\/a>: ensina como utilizar o sistema SIGMATE.<\/li>\n<\/ul>\n\n\n\n<div class=\"wp-block-buttons alignfull is-horizontal is-content-justification-center is-layout-flex wp-container-8 wp-block-buttons-is-layout-flex\">\n<div class=\"wp-block-button has-custom-width wp-block-button__width-100\"><a class=\"wp-block-button__link has-white-color has-text-color has-background no-border-radius wp-element-button\" style=\"background-color:#000000\">Encontre mais <strong>cursos <\/strong>dispon\u00edveis na Escola de Governo<\/a><\/div>\n<\/div>\n<\/div>\n<\/div>\n\n\n\n<p><\/p>\n","protected":false},"excerpt":{"rendered":"<p>A Gest\u00e3o de Suprimentos desempenha um papel crucial na efici\u00eancia do governo do Estado de Goi\u00e1s, assegurando a gest\u00e3o eficiente dos materiais de apoio a presta\u00e7\u00e3o de servi\u00e7os ao cidad\u00e3o e a economia de recursos p\u00fablicos. Ela \u00e9 respons\u00e1vel por gerir estoques de materiais n\u00e3o permanentes, definir pol\u00edticas de gest\u00e3o, coordenar a\u00e7\u00f5es estrat\u00e9gicas, racionalizar gastos, [&hellip;]<\/p>\n","protected":false},"author":1,"featured_media":0,"parent":0,"menu_order":0,"comment_status":"closed","ping_status":"closed","template":"","meta":{"footnotes":""},"_links":{"self":[{"href":"https:\/\/sublp.go.gov.br\/index.php?rest_route=\/wp\/v2\/pages\/233"}],"collection":[{"href":"https:\/\/sublp.go.gov.br\/index.php?rest_route=\/wp\/v2\/pages"}],"about":[{"href":"https:\/\/sublp.go.gov.br\/index.php?rest_route=\/wp\/v2\/types\/page"}],"author":[{"embeddable":true,"href":"https:\/\/sublp.go.gov.br\/index.php?rest_route=\/wp\/v2\/users\/1"}],"replies":[{"embeddable":true,"href":"https:\/\/sublp.go.gov.br\/index.php?rest_route=%2Fwp%2Fv2%2Fcomments&post=233"}],"version-history":[{"count":67,"href":"https:\/\/sublp.go.gov.br\/index.php?rest_route=\/wp\/v2\/pages\/233\/revisions"}],"predecessor-version":[{"id":1017,"href":"https:\/\/sublp.go.gov.br\/index.php?rest_route=\/wp\/v2\/pages\/233\/revisions\/1017"}],"wp:attachment":[{"href":"https:\/\/sublp.go.gov.br\/index.php?rest_route=%2Fwp%2Fv2%2Fmedia&parent=233"}],"curies":[{"name":"wp","href":"https:\/\/api.w.org\/{rel}","templated":true}]}}