{"id":42,"date":"2023-09-01T11:30:04","date_gmt":"2023-09-01T14:30:04","guid":{"rendered":"https:\/\/helpsei.go.gov.br\/sublp\/?page_id=42"},"modified":"2025-11-24T09:55:37","modified_gmt":"2025-11-24T12:55:37","slug":"gestao-de-compras","status":"publish","type":"page","link":"https:\/\/sublp.go.gov.br\/?page_id=42","title":{"rendered":"Gest\u00e3o de Compras"},"content":{"rendered":"\n<div class=\"wp-block-columns is-layout-flex wp-container-2 wp-block-columns-is-layout-flex\">\n<div class=\"wp-block-column is-layout-flow wp-block-column-is-layout-flow\">\n<p style=\"font-size:15px\">A Superintend\u00eancia Central de Compras e Contratos \u00e9 respons\u00e1vel por definir pol\u00edticas, diretrizes e procedimentos de compras e contrata\u00e7\u00f5es para a administra\u00e7\u00e3o direta, aut\u00e1rquica e fundacional, no \u00e2mbito estadual. Suas principais compet\u00eancias incluem a promo\u00e7\u00e3o da governan\u00e7a das contrata\u00e7\u00f5es p\u00fablicas, a centraliza\u00e7\u00e3o das licita\u00e7\u00f5es de interesse comum para garantir efici\u00eancia e economicidade, a aplica\u00e7\u00e3o das diretrizes para elabora\u00e7\u00e3o e monitoramento dos planos anuais de contrata\u00e7\u00f5es, e a padroniza\u00e7\u00e3o dos documentos e processos de compras.<\/p>\n\n\n\n<p style=\"font-size:15px\">Al\u00e9m disso, a Superintend\u00eancia busca aprimorar a pol\u00edtica de relacionamento com os fornecedores, promovendo a inova\u00e7\u00e3o, prospectando solu\u00e7\u00f5es que maximizem a efetividade das contrata\u00e7\u00f5es e fomentando a competitividade nos certames. Tamb\u00e9m \u00e9 respons\u00e1vel pela ado\u00e7\u00e3o de medidas de transpar\u00eancia e moderniza\u00e7\u00e3o dos processos de contrata\u00e7\u00e3o, incluindo o uso de tecnologias e sistemas eletr\u00f4nicos de compras que facilitem o acesso \u00e0 informa\u00e7\u00e3o, promovam a competitividade e garantam a integridade dos procedimentos licitat\u00f3rios.<\/p>\n\n\n\n<p style=\"font-size:15px\">A Superintend\u00eancia \u00e9 composta pelas seguintes unidades internas: Ger\u00eancia de Normas e Padroniza\u00e7\u00e3o, Ger\u00eancia Central de Governan\u00e7a de Contrata\u00e7\u00f5es, Ger\u00eancia de Processos e Sistemas de Compras, Ger\u00eancia de Compras Centralizadas e Ger\u00eancia de Planejamento de Compras.<\/p>\n\n\n\n<p style=\"font-size:15px\">Assim, a Superintend\u00eancia Central de Compras e Contratos, em conjunto com suas unidades, busca alinhar as necessidades dos \u00f3rg\u00e3os p\u00fablicos com as melhores pr\u00e1ticas de gest\u00e3o na \u00e1rea de compras e contrata\u00e7\u00f5es p\u00fablicas, assegurando o uso estrat\u00e9gico e eficiente dos recursos e contribuindo para uma administra\u00e7\u00e3o p\u00fablica mais moderna e eficaz no Estado de Goi\u00e1s.<br><\/p>\n\n\n\n<h2 class=\"wp-block-heading has-text-align-left\">Fale Conosco<\/h2>\n\n\n\n<p><strong>Superintendente Central de Compras e Contratos:<\/strong><strong>Suellen Francine Pivetta Mendon\u00e7a<\/strong><\/p>\n\n\n\n<div><a href=\"https:\/\/maps.app.goo.gl\/m1gsq4BjmwK98U3V6\" target=\"_blank\" rel=\"noopener\"><i class=\"fa-solid fa-location-dot\" style=\"margin: 5px 5px 20px 0; float: left;\"><\/i><\/a> Av. Laur\u00edcio Pedro Rasmussem n\u00ba 2.535<br> Vila Yate, Goi\u00e2nia\/GO, CEP 74.621-005 <\/div>\n<div><a href=\"mailto:geld.sead@goias.gov.br\"><i class=\"fa-solid fa-envelope\" style=\"margin: 5px 5px 0 0; float: left;\"><\/i><\/a> centraldecontratos@goias.gov.br<\/div>\n<div><a href=\"https:\/\/wa.me\/message\/D4Q6WXSLU2PIC1\" target=\"_blank\" rel=\"noopener\"><i class=\"fa-brands fa-whatsapp\" style=\"margin: 5px 5px 20px 0; float: left;\"><\/i><\/a> (62) 3201-8739<\/div>\n<\/div>\n<\/div>\n\n\n\n<figure class=\"wp-block-image size-full is-resized\"><a href=\"https:\/\/sislog.go.gov.br\/\" target=\"_blank\" rel=\"noreferrer noopener\"><img decoding=\"async\" loading=\"lazy\" src=\"https:\/\/sublp.go.gov.br\/wp-content\/uploads\/2025\/07\/Captura-de-tela-2025-07-09-144954-1.png\" alt=\"\" class=\"wp-image-910\" style=\"width:248px;height:78px\" width=\"248\" height=\"78\"\/><\/a><\/figure>\n\n\n\n<div class=\"wp-block-columns is-layout-flex wp-container-8 wp-block-columns-is-layout-flex\">\n<div class=\"wp-block-column is-layout-flow wp-block-column-is-layout-flow\">\n<h2 class=\"wp-block-heading alignwide has-vivid-cyan-blue-color has-text-color\" id=\"we-re-a-studio-in-berlin-with-an-international-practice-in-architecture-urban-planning-and-interior-design-we-believe-in-sharing-knowledge-and-promoting-dialogue-to-increase-the-creative-potential-of-collaboration\" style=\"font-size:15px;font-style:normal;font-weight:600;line-height:1.1\">Ger\u00eancia de Compras Centralizadas<\/h2>\n\n\n\n<p style=\"font-size:15px\">Gerente: Everton Soares Vieira<br>(62)&nbsp;3201-6787<\/p>\n<\/div>\n\n\n\n<div class=\"wp-block-column is-layout-flow wp-block-column-is-layout-flow\">\n<h2 class=\"wp-block-heading alignwide has-vivid-cyan-blue-color has-text-color\" id=\"we-re-a-studio-in-berlin-with-an-international-practice-in-architecture-urban-planning-and-interior-design-we-believe-in-sharing-knowledge-and-promoting-dialogue-to-increase-the-creative-potential-of-collaboration\" style=\"font-size:15px;font-style:normal;font-weight:600;line-height:1.1\">Ger\u00eancia Central de Governan\u00e7a e Contrata\u00e7\u00f5es<\/h2>\n\n\n\n<p style=\"font-size:15px\">Gerente: Jos\u00e9 Carlos de Oliveira<br>(62)&nbsp;3201-8757<\/p>\n<\/div>\n\n\n\n<div class=\"wp-block-column is-layout-flow wp-block-column-is-layout-flow\">\n<h2 class=\"wp-block-heading alignwide has-vivid-cyan-blue-color has-text-color\" id=\"we-re-a-studio-in-berlin-with-an-international-practice-in-architecture-urban-planning-and-interior-design-we-believe-in-sharing-knowledge-and-promoting-dialogue-to-increase-the-creative-potential-of-collaboration\" style=\"font-size:15px;font-style:normal;font-weight:600;line-height:1.1\">Ger\u00eancia de Normas e Padroniza\u00e7\u00e3o<\/h2>\n\n\n\n<p style=\"font-size:15px\">Gerente: Gustavo Henrique Santos Soares Martins<br>(62) 3201-8739<\/p>\n<\/div>\n\n\n\n<div class=\"wp-block-column is-layout-flow wp-block-column-is-layout-flow\">\n<h2 class=\"wp-block-heading alignwide has-vivid-cyan-blue-color has-text-color\" id=\"we-re-a-studio-in-berlin-with-an-international-practice-in-architecture-urban-planning-and-interior-design-we-believe-in-sharing-knowledge-and-promoting-dialogue-to-increase-the-creative-potential-of-collaboration\" style=\"font-size:15px;font-style:normal;font-weight:600;line-height:1.1\">Ger\u00eancia de Planejamento de Compras<\/h2>\n\n\n\n<p style=\"font-size:15px\">Gerente: Esdras de Freitas Rocha J\u00fanior<br>(62) 3201-8763<\/p>\n<\/div>\n\n\n\n<div class=\"wp-block-column is-layout-flow wp-block-column-is-layout-flow\">\n<h2 class=\"wp-block-heading alignwide has-vivid-cyan-blue-color has-text-color\" id=\"we-re-a-studio-in-berlin-with-an-international-practice-in-architecture-urban-planning-and-interior-design-we-believe-in-sharing-knowledge-and-promoting-dialogue-to-increase-the-creative-potential-of-collaboration\" style=\"font-size:15px;font-style:normal;font-weight:600;line-height:1.1\">Ger\u00eancia de Processos e Sistemas de Compras<\/h2>\n\n\n\n<p style=\"font-size:15px\">Gerente: S\u00e9rgio Fernandes Pereira<br>(62) 3201-8766 \/ 3201-8765<\/p>\n<\/div>\n<\/div>\n","protected":false},"excerpt":{"rendered":"<p>A Superintend\u00eancia Central de Compras e Contratos \u00e9 respons\u00e1vel por definir pol\u00edticas, diretrizes e procedimentos de compras e contrata\u00e7\u00f5es para a administra\u00e7\u00e3o direta, aut\u00e1rquica e fundacional, no \u00e2mbito estadual. Suas principais compet\u00eancias incluem a promo\u00e7\u00e3o da governan\u00e7a das contrata\u00e7\u00f5es p\u00fablicas, a centraliza\u00e7\u00e3o das licita\u00e7\u00f5es de interesse comum para garantir efici\u00eancia e economicidade, a aplica\u00e7\u00e3o das [&hellip;]<\/p>\n","protected":false},"author":3,"featured_media":0,"parent":0,"menu_order":0,"comment_status":"closed","ping_status":"closed","template":"","meta":{"footnotes":""},"_links":{"self":[{"href":"https:\/\/sublp.go.gov.br\/index.php?rest_route=\/wp\/v2\/pages\/42"}],"collection":[{"href":"https:\/\/sublp.go.gov.br\/index.php?rest_route=\/wp\/v2\/pages"}],"about":[{"href":"https:\/\/sublp.go.gov.br\/index.php?rest_route=\/wp\/v2\/types\/page"}],"author":[{"embeddable":true,"href":"https:\/\/sublp.go.gov.br\/index.php?rest_route=\/wp\/v2\/users\/3"}],"replies":[{"embeddable":true,"href":"https:\/\/sublp.go.gov.br\/index.php?rest_route=%2Fwp%2Fv2%2Fcomments&post=42"}],"version-history":[{"count":29,"href":"https:\/\/sublp.go.gov.br\/index.php?rest_route=\/wp\/v2\/pages\/42\/revisions"}],"predecessor-version":[{"id":1308,"href":"https:\/\/sublp.go.gov.br\/index.php?rest_route=\/wp\/v2\/pages\/42\/revisions\/1308"}],"wp:attachment":[{"href":"https:\/\/sublp.go.gov.br\/index.php?rest_route=%2Fwp%2Fv2%2Fmedia&parent=42"}],"curies":[{"name":"wp","href":"https:\/\/api.w.org\/{rel}","templated":true}]}}