{"id":806,"date":"2025-04-29T15:06:04","date_gmt":"2025-04-29T18:06:04","guid":{"rendered":"https:\/\/sublp.go.gov.br\/?page_id=806"},"modified":"2025-11-24T09:55:38","modified_gmt":"2025-11-24T12:55:38","slug":"superintendencia-central-de-logistica-e-patrimonio-mobiliario-sclpm","status":"publish","type":"page","link":"https:\/\/sublp.go.gov.br\/?page_id=806","title":{"rendered":"Superintend\u00eancia Central de Log\u00edstica e Patrim\u00f4nio Mobili\u00e1rio-SCLPM"},"content":{"rendered":"\n<div class=\"wp-block-columns is-layout-flex wp-container-2 wp-block-columns-is-layout-flex\">\n<div class=\"wp-block-column is-layout-flow wp-block-column-is-layout-flow\">\n<p style=\"font-size:15px\">A Superintend\u00eancia Central de Log\u00edstica e Patrim\u00f4nio Mobili\u00e1rio-SCLPM foi criada pelo Decreto 10.218\/2023, para cumprir as atribui\u00e7\u00f5es da Secretaria de Estado da Administra\u00e7\u00e3o com respeito \u00e0 gest\u00e3o de bens m\u00f3veis e o estabelecimento de pol\u00edticas e diretrizes para a gest\u00e3o de suprimentos, frotas e log\u00edstica documental nos \u00f3rg\u00e3os e nas entidades do Poder Executivo do Estado de Goi\u00e1s, para o alinhamento com as demais pol\u00edticas governamentais de gest\u00e3o e desenvolvimento, bem como coordenar e supervisionar as unidades setoriais de patrim\u00f4nio m\u00f3vel, frotas, suprimentos e log\u00edstica documental, prestando-lhes orienta\u00e7\u00e3o e apoio t\u00e9cnico-operacional. <br><br>Neste contexto, a SCLPM \u00e9 respons\u00e1vel por formular e difundir as pol\u00edticas aplicadas a patrim\u00f4nio m\u00f3vel, frotas, suprimentos, gest\u00e3o documental, arquivos central e setoriais e processo eletr\u00f4nico, incluindo a promo\u00e7\u00e3o da governan\u00e7a em cada \u00e1rea citada, a centraliza\u00e7\u00e3o dos indicadores de cada processo, o monitoramento das a\u00e7\u00f5es setoriais e a padroniza\u00e7\u00e3o de processos, documentos e normativas relacionadas com as \u00e1reas.<br><br>Com a estrutura administrativa abaixo, a SCLPM busca atender e cumprir as suas atribui\u00e7\u00f5es associando as necessidades das unidades setoriais com a vis\u00e3o estrat\u00e9gica central, de modo a promover efici\u00eancia, economicidade e transpar\u00eancia, com foco constante na aplica\u00e7\u00e3o de m\u00e9todos e ideias inovadoras, capazes de potencializar os resultados em todas as \u00e1reas.<br><\/p>\n\n\n\n<h2 class=\"wp-block-heading\">Fale Conosco<\/h2>\n\n\n\n<p><strong>Superintendente Central de Log\u00edstica e Patrim\u00f4nio Mobili\u00e1rio<\/strong>: <strong>Juarez Pereira de Freitas Jr.riolano<\/strong><\/p>\n\n\n\n<div><a href=\"https:\/\/maps.app.goo.gl\/m1gsq4BjmwK98U3V6\" target=\"_blank\" rel=\"noopener\"><i class=\"fa-solid fa-location-dot\" style=\"margin: 5px 5px 20px 0; float: left;\"><\/i><\/a> Av. Laur\u00edcio Pedro Rasmussem n\u00ba 2.535<br> Vila Yate, Goi\u00e2nia\/GO, CEP 74.621-005 <\/div>\n<div><a href=\"mailto:sigmate@goias.gov.br\"><i class=\"fa-solid fa-envelope\" style=\"margin: 5px 5px 0 0; float: left;\"><\/i><\/a> sigmate@goias.gov.br<\/div>\n<div><a href=\"https:\/\/wa.me\/message\/D4Q6WXSLU2PIC1\" target=\"_blank\" rel=\"noopener\"><i class=\"fa-brands fa-whatsapp\" style=\"margin: 5px 5px 20px 0; float: left;\"><\/i><\/a> (62) 3201-8781<\/div>\n<\/div>\n<\/div>\n\n\n\n<div class=\"wp-block-group is-layout-constrained wp-block-group-is-layout-constrained\"><div class=\"wp-block-group__inner-container\">\n<div class=\"wp-block-columns is-layout-flex wp-container-7 wp-block-columns-is-layout-flex\">\n<div class=\"wp-block-column is-layout-flow wp-block-column-is-layout-flow\">\n<h2 class=\"wp-block-heading alignwide has-vivid-cyan-blue-color has-text-color\" id=\"we-re-a-studio-in-berlin-with-an-international-practice-in-architecture-urban-planning-and-interior-design-we-believe-in-sharing-knowledge-and-promoting-dialogue-to-increase-the-creative-potential-of-collaboration\" style=\"font-size:15px;font-style:normal;font-weight:600;line-height:1.1\">Ger\u00eancia de Frotas<\/h2>\n\n\n\n<p style=\"font-size:15px\">Gerente: Eduardo Aires Berbert Galv\u00e3o<br>(62)<\/p>\n<\/div>\n\n\n\n<div class=\"wp-block-column is-layout-flow wp-block-column-is-layout-flow\">\n<h2 class=\"wp-block-heading has-vivid-cyan-blue-color has-text-color\" style=\"font-size:15px;font-style:normal;font-weight:600\">Ger\u00eancia de Log\u00edstica Documental<\/h2>\n\n\n\n<p style=\"font-size:15px\">Gerente: Ricardo Belloti dos Santos<br>(62) <\/p>\n<\/div>\n\n\n\n<div class=\"wp-block-column is-layout-flow wp-block-column-is-layout-flow\">\n<h2 class=\"wp-block-heading has-vivid-cyan-blue-color has-text-color\" style=\"font-size:15px;font-style:normal;font-weight:600\">Ger\u00eancia de Patrim\u00f4nio Mobili\u00e1rio<\/h2>\n\n\n\n<p style=\"font-size:15px\">Gerente: Lesli Louzeiro Maciel<br>(62)<\/p>\n<\/div>\n\n\n\n<div class=\"wp-block-column is-layout-flow wp-block-column-is-layout-flow\">\n<h2 class=\"wp-block-heading has-vivid-cyan-blue-color has-text-color\" style=\"font-size:15px;font-style:normal;font-weight:600\">Ger\u00eancia de Suprimentos<\/h2>\n\n\n\n<p style=\"font-size:15px\">Gerente: Iduardo Donizet Gomes Junior<br>(62)<\/p>\n<\/div>\n<\/div>\n<\/div><\/div>\n","protected":false},"excerpt":{"rendered":"<p>A Superintend\u00eancia Central de Log\u00edstica e Patrim\u00f4nio Mobili\u00e1rio-SCLPM foi criada pelo Decreto 10.218\/2023, para cumprir as atribui\u00e7\u00f5es da Secretaria de Estado da Administra\u00e7\u00e3o com respeito \u00e0 gest\u00e3o de bens m\u00f3veis e o estabelecimento de pol\u00edticas e diretrizes para a gest\u00e3o de suprimentos, frotas e log\u00edstica documental nos \u00f3rg\u00e3os e nas entidades do Poder Executivo do [&hellip;]<\/p>\n","protected":false},"author":2,"featured_media":0,"parent":0,"menu_order":0,"comment_status":"closed","ping_status":"closed","template":"","meta":{"footnotes":""},"_links":{"self":[{"href":"https:\/\/sublp.go.gov.br\/index.php?rest_route=\/wp\/v2\/pages\/806"}],"collection":[{"href":"https:\/\/sublp.go.gov.br\/index.php?rest_route=\/wp\/v2\/pages"}],"about":[{"href":"https:\/\/sublp.go.gov.br\/index.php?rest_route=\/wp\/v2\/types\/page"}],"author":[{"embeddable":true,"href":"https:\/\/sublp.go.gov.br\/index.php?rest_route=\/wp\/v2\/users\/2"}],"replies":[{"embeddable":true,"href":"https:\/\/sublp.go.gov.br\/index.php?rest_route=%2Fwp%2Fv2%2Fcomments&post=806"}],"version-history":[{"count":29,"href":"https:\/\/sublp.go.gov.br\/index.php?rest_route=\/wp\/v2\/pages\/806\/revisions"}],"predecessor-version":[{"id":1044,"href":"https:\/\/sublp.go.gov.br\/index.php?rest_route=\/wp\/v2\/pages\/806\/revisions\/1044"}],"wp:attachment":[{"href":"https:\/\/sublp.go.gov.br\/index.php?rest_route=%2Fwp%2Fv2%2Fmedia&parent=806"}],"curies":[{"name":"wp","href":"https:\/\/api.w.org\/{rel}","templated":true}]}}