{"id":918,"date":"2025-07-17T09:52:47","date_gmt":"2025-07-17T12:52:47","guid":{"rendered":"https:\/\/sublp.go.gov.br\/?page_id=918"},"modified":"2025-11-24T09:55:38","modified_gmt":"2025-11-24T12:55:38","slug":"regularizacao-fundiaria","status":"publish","type":"page","link":"https:\/\/sublp.go.gov.br\/?page_id=918","title":{"rendered":"Regulariza\u00e7\u00e3o Fundi\u00e1ria"},"content":{"rendered":"\n<div class=\"wp-block-columns is-layout-flex wp-container-3 wp-block-columns-is-layout-flex\">\n<div class=\"wp-block-column is-layout-flow wp-block-column-is-layout-flow\" style=\"flex-basis:50%\">\n<p style=\"font-size:15px\">\ud83d\udccc <strong>O que \u00e9?<\/strong><br><br>A Regulariza\u00e7\u00e3o Fundi\u00e1ria \u00e9 um processo administrativo que permite ao ocupante de im\u00f3vel p\u00fablico estadual obter a titularidade da \u00e1rea ocupada. Garante o direito \u00e0 moradia digna, \u00e0 fun\u00e7\u00e3o social da propriedade e seguran\u00e7a jur\u00eddica para quem reside ou utiliza im\u00f3veis pertencentes ao Estado de Goi\u00e1s.<br><br>\ud83c\udfaf <strong>Quem pode regularizar?<\/strong><br><br>\u2013 Ocupa\u00e7\u00e3o consolidada at\u00e9 <strong>31 de dezembro de 2019, <\/strong>ou a comprova\u00e7\u00e3o da ocupa\u00e7\u00e3o do im\u00f3vel por cadeia sucess\u00f3ria;<br>\u2013 Im\u00f3vel de dom\u00ednio do Estado de Goi\u00e1s;<br>\u2013 Comprovada deten\u00e7\u00e3o ou posse da \u00e1rea;<br>\u2013 Para doa\u00e7\u00e3o: renda mensal per capita de at\u00e9 1 (um) sal\u00e1rio-m\u00ednimo ou renda familiar n\u00e3o superior a 6 (seis) sal\u00e1rios-m\u00ednimos, o ocupante ou membro do n\u00facleo familiar n\u00e3o ser propriet\u00e1rio ou concession\u00e1rio de outro im\u00f3vel urbano ou rural, e n\u00e3o terem sido beneficiados pelo poder p\u00fablico com outro im\u00f3vel urbano ou rural.<\/p>\n<\/div>\n\n\n\n<div class=\"wp-block-column is-layout-flow wp-block-column-is-layout-flow\" style=\"flex-basis:50%\">\n<h2 class=\"wp-block-heading\">Fale Conosco<\/h2>\n\n\n\n<p style=\"font-size:15px\"><strong>Ger\u00eancia de Regulariza\u00e7\u00e3o Fundi\u00e1ria<\/strong><\/p>\n\n\n\n<div>\n  <a href=\"https:\/\/www.google.com\/maps\/place\/R.+23,+63+-+St.+Central,+Goi%C3%A2nia+-+GO,+74015-120\/@-16.67773,-49.2649677,17z\/data=!3m1!4b1!4m6!3m5!1s0x935ef1605ef7694f:0x27d753753b06f99a!8m2!3d-16.67773!4d-49.2623874!16s%2Fg%2F11b8vcz0lr?hl=pt-BR&#038;entry=ttu\" target=\"_blank\" rel=\"noopener\">\n    <i class=\"fa-solid fa-location-dot\" style=\"margin: 5px 8px 0 0; float: left;\"><\/i>\n  <\/a>\n  Rua 23, n\u00ba 63, Setor Central, Goi\u00e2nia\/GO, CEP 74015-120\n<\/div>\n\n<div>\n  <a href=\"mailto:patrimonio.mobiliario@goias.gov.br\">\n    <i class=\"fa-solid fa-envelope\" style=\"margin: 5px 8px 0 0; float: left;\"><\/i>\n  <\/a>\n  regularizacaofundiaria.sead@goias.gov.br\n<\/div>\n\n<div>\n  <a href=\"https:\/\/wa.me\/message\/D4Q6WXSLU2PIC1\" target=\"_blank\" rel=\"noopener\">\n    <i class=\"fa-brands fa-whatsapp\" style=\"margin: 5px 8px 0 0; float: left;\"><\/i>\n  <\/a>\n  (62) 3201-5073 \/ WhatsApp 3201-8353\n<\/div>\n<\/div>\n<\/div>\n\n\n\n<p style=\"font-size:15px\">\ud83d\udcc2 <strong>Modalidades de Regulariza\u00e7\u00e3o<\/strong><\/p>\n\n\n\n<figure class=\"wp-block-table\" style=\"font-size:16px\"><table><thead><tr><th>Modalidade<\/th><th>Destinat\u00e1rios<\/th><th>Condi\u00e7\u00f5es Principais<\/th><\/tr><\/thead><tbody><tr><td><strong>Doa\u00e7\u00e3o<\/strong><\/td><td>Fam\u00edlias de baixa renda<\/td><td>Renda at\u00e9 6 sal\u00e1rios m\u00ednimos, escritura p\u00fablica gratuita<\/td><\/tr><tr><td><strong>Venda Direta<\/strong><\/td><td>Ocupantes em geral<\/td><td>Posse comprovada, pagamento do valor do im\u00f3vel, escritura ap\u00f3s quita\u00e7\u00e3o<\/td><\/tr><tr><td><strong>Concess\u00e3o de Direito de Uso<\/strong><\/td><td>Uso residencial\/comercial<\/td><td>Ocupa\u00e7\u00e3o at\u00e9 31\/12\/2019, gratuita ou onerosa, contrato de at\u00e9 35 anos com o Estado<\/td><\/tr><\/tbody><\/table><\/figure>\n\n\n\n<p style=\"font-size:15px\"><strong><strong>Im\u00f3vel Quitado \u2013 Documentos Comprobat\u00f3rios<\/strong><\/strong><br>Para aqueles que j\u00e1 quitaram o im\u00f3vel, \u00e9 poss\u00edvel obter a escritura definitiva mediante a apresenta\u00e7\u00e3o dos seguintes documentos:<\/p>\n\n\n\n<ul>\n<li style=\"font-size:15px\">Contrato de compromisso de compra e venda com o Estado de Goi\u00e1s;<\/li>\n\n\n\n<li style=\"font-size:15px\">Comprovantes de pagamento (joia inicial e parcelas), quitados e autenticados:<br>&#8211; <span style=\"color: initial;\">Pagamentos realizados \u00e0 Secretaria da Fazenda ou bancos oficiais;<\/span><br>&#8211; <span style=\"color: initial;\">Carn\u00eas quitados com autentica\u00e7\u00e3o mec\u00e2nica;<\/span><br>&#8211; <span style=\"color: initial;\">Carimbos no verso do contrato;<\/span><br>&#8211; <span style=\"color: initial;\">Selos ou estampilhas do Estado de Goi\u00e1s;<\/span><br>&#8211; Outros documentos v\u00e1lidos que comprovem o pagamento integral.<\/li>\n<\/ul>\n\n\n\n<p style=\"font-size:15px\"><strong>Descontos e Condi\u00e7\u00f5es de Pagamento<\/strong><br>A Lei prev\u00ea descontos progressivos conforme a renda familiar:<\/p>\n\n\n\n<ul>\n<li style=\"font-size:15px\"><strong>40%<\/strong> para fam\u00edlias com renda at\u00e9 6 sal\u00e1rios m\u00ednimos;<\/li>\n\n\n\n<li style=\"font-size:15px\"><strong>30% a 10%<\/strong> para fam\u00edlias com renda entre 6 e 14 sal\u00e1rios m\u00ednimos;<\/li>\n\n\n\n<li style=\"font-size:15px\"><strong>25% de desconto adicional<\/strong> no pagamento \u00e0 vista.<\/li>\n<\/ul>\n\n\n\n<p style=\"font-size:15px\">Parcelamento:<\/p>\n\n\n\n<ul>\n<li style=\"font-size:15px\">At\u00e9 <strong>240 parcelas mensais<\/strong> para renda at\u00e9 10 sal\u00e1rios m\u00ednimos;<\/li>\n\n\n\n<li style=\"font-size:15px\">Acima de 10 (dez) sal\u00e1rios-m\u00ednimos, a aquisi\u00e7\u00e3o poder\u00e1 ser realizada \u00e0 vista ou em at\u00e9 120 (cento e vinte) parcelas mensais;<\/li>\n\n\n\n<li style=\"font-size:15px\">Entrada m\u00ednima de <strong>5% ou 10%<\/strong> do valor, conforme o caso;<\/li>\n\n\n\n<li style=\"font-size:15px\">Parcelas com valor m\u00ednimo de <strong>50% do sal\u00e1rio m\u00ednimo vigente<\/strong>.<\/li>\n<\/ul>\n\n\n\n<p style=\"font-size:15px\"><strong>Etapas do Procedimento<\/strong><\/p>\n\n\n\n<ol type=\"1\">\n<li style=\"font-size:15px\">Preenchimento de requerimento espec\u00edfico.<\/li>\n\n\n\n<li style=\"font-size:15px\">Envio de documentos exigidos no <strong>checklist<\/strong> conforme a modalidade:<br>&#8211; Venda Direta;<br>&#8211; <span style=\"color: initial;\">Doa\u00e7\u00e3o<\/span>;<br>&#8211; Concess\u00e3o de Uso;<br>&#8211; Im\u00f3vel Quitado.<\/li>\n<\/ol>\n\n\n\n<ol type=\"1\" start=\"3\">\n<li style=\"font-size:15px\">An\u00e1lise t\u00e9cnica e jur\u00eddica.<\/li>\n\n\n\n<li style=\"font-size:15px\">Notifica\u00e7\u00e3o via WhatsApp ou AR.<\/li>\n\n\n\n<li style=\"font-size:15px\">Finaliza\u00e7\u00e3o com escritura p\u00fablica registrada ou contrato assinado.<\/li>\n<\/ol>\n\n\n\n<p style=\"font-size:15px\"><strong>Entidades Religiosas<\/strong><br>A regulariza\u00e7\u00e3o tamb\u00e9m contempla im\u00f3veis ocupados por entidades religiosas, por doa\u00e7\u00e3o ou venda direta, de acordo com crit\u00e9rios legais e regulamentares espec\u00edficos.<\/p>\n\n\n\n<div class=\"wp-block-columns is-layout-flex wp-container-6 wp-block-columns-is-layout-flex\">\n<div class=\"wp-block-column has-background is-layout-flow wp-block-column-is-layout-flow\" style=\"background-color:#ffe97d\">\n<h2 class=\"wp-block-heading\"><strong>Legisla\u00e7\u00f5es<\/strong><\/h2>\n\n\n\n<ul>\n<li style=\"font-size:15px\"><strong><a href=\"https:\/\/legisla.casacivil.go.gov.br\/pesquisa_legislacao\/103681\/lei-20954\" target=\"_blank\" rel=\"noreferrer noopener\">Lei n\u00ba 20.954, de 30 de dezembro de 2020&nbsp;<\/a><\/strong>\u2013 Disp\u00f5e sobre a regulariza\u00e7\u00e3o fundi\u00e1ria de ocupa\u00e7\u00e3o de im\u00f3veis urbanos de dom\u00ednio do Estado de Goi\u00e1s e d\u00e1 outras provid\u00eancias;<\/li>\n\n\n\n<li style=\"font-size:15px\"><strong><a href=\"https:\/\/legisla.casacivil.go.gov.br\/pesquisa_legislacao\/100164\/lei-20229\" target=\"_blank\" rel=\"noreferrer noopener\">Lei n\u00ba 20.229, de 18 de julho de 2018<\/a><\/strong>&nbsp;\u2013 Disp\u00f5e sobre a regulariza\u00e7\u00e3o fundi\u00e1ria de im\u00f3veis urbanos de dom\u00ednio do Estado de Goi\u00e1s ocupados por organiza\u00e7\u00f5es religiosas de qualquer culto e d\u00e1 outras provid\u00eancias.<\/li>\n<\/ul>\n<\/div>\n\n\n\n<div class=\"wp-block-column has-background is-layout-flow wp-block-column-is-layout-flow\" style=\"background-color:#d1d1e1\">\n<h2 class=\"wp-block-heading\"><strong>Procedimentos<\/strong><\/h2>\n\n\n\n<p><strong><strong>Documentos e Checklists para Regulariza\u00e7\u00e3o<\/strong><\/strong><\/p>\n\n\n\n<ul>\n<li><a href=\"https:\/\/sublp.go.gov.br\/wp-content\/uploads\/2025\/11\/Requerimento-Lei-20954.2020.pdf\" data-type=\"link\" data-id=\"https:\/\/sublp.go.gov.br\/wp-content\/uploads\/2025\/11\/Requerimento-Lei-20954.2020.pdf\">Requerimento;<\/a><\/li>\n\n\n\n<li><a rel=\"noreferrer noopener\" href=\"https:\/\/sublp.go.gov.br\/wp-content\/uploads\/2025\/11\/Checklist-Venda-Direta-6.pdf\" data-type=\"link\" data-id=\"https:\/\/sublp.go.gov.br\/wp-content\/uploads\/2025\/11\/Checklist-Venda-Direta-6.pdf\" target=\"_blank\">Venda Direta \u2013 Documenta\u00e7\u00e3o do Interessado<\/a> \/ <a rel=\"noreferrer noopener\" href=\"https:\/\/sublp.go.gov.br\/wp-content\/uploads\/2025\/11\/2025-Check_List_Compra_por_venda_direta-1.pdf\" data-type=\"link\" data-id=\"https:\/\/sublp.go.gov.br\/wp-content\/uploads\/2025\/11\/2025-Check_List_Compra_por_venda_direta-1.pdf\" target=\"_blank\">Venda Direta \u2013 Checklist do Tr\u00e2mite Processual<\/a><\/li>\n\n\n\n<li>Doa\u00e7\u00e3o<\/li>\n\n\n\n<li><a rel=\"noreferrer noopener\" href=\"https:\/\/goiasgovbr.sharepoint.com\/sites\/seadsublp21238\/Shared%20Documents\/Forms\/AllItems.aspx?sortField=Modified&amp;isAscending=false&amp;id=%2Fsites%2Fseadsublp21238%2FShared%20Documents%2FCheck%20List%20%2D%20Im%C3%B3vel%20quitado%20%2D%2Epdf&amp;viewid=73a12968%2D62f6%2D4276%2D9fa2%2Df3cd44c2295f&amp;parent=%2Fsites%2Fseadsublp21238%2FShared%20Documents\" data-type=\"link\" data-id=\"https:\/\/goiasgovbr.sharepoint.com\/sites\/seadsublp21238\/Shared%20Documents\/Forms\/AllItems.aspx?sortField=Modified&amp;isAscending=false&amp;id=%2Fsites%2Fseadsublp21238%2FShared%20Documents%2FCheck%20List%20%2D%20Im%C3%B3vel%20quitado%20%2D%2Epdf&amp;viewid=73a12968%2D62f6%2D4276%2D9fa2%2Df3cd44c2295f&amp;parent=%2Fsites%2Fseadsublp21238%2FShared%20Documents\" target=\"_blank\">Im\u00f3vel Quitado<\/a><\/li>\n\n\n\n<li>Concess\u00e3o de Direito Real de Uso<\/li>\n\n\n\n<li><a rel=\"noreferrer noopener\" href=\"https:\/\/goiasgovbr.sharepoint.com\/sites\/seadsublp21238\/Shared%20Documents\/Forms\/AllItems.aspx?sortField=Modified&amp;isAscending=false&amp;id=%2Fsites%2Fseadsublp21238%2FShared%20Documents%2FChecklist%20Entidades%20Religiosas%2Epdf&amp;viewid=73a12968%2D62f6%2D4276%2D9fa2%2Df3cd44c2295f&amp;parent=%2Fsites%2Fseadsublp21238%2FShared%20Documents\" data-type=\"link\" data-id=\"https:\/\/goiasgovbr.sharepoint.com\/sites\/seadsublp21238\/Shared%20Documents\/Forms\/AllItems.aspx?sortField=Modified&amp;isAscending=false&amp;id=%2Fsites%2Fseadsublp21238%2FShared%20Documents%2FChecklist%20Entidades%20Religiosas%2Epdf&amp;viewid=73a12968%2D62f6%2D4276%2D9fa2%2Df3cd44c2295f&amp;parent=%2Fsites%2Fseadsublp21238%2FShared%20Documents\" target=\"_blank\">Entidades Religiosas<\/a><\/li>\n<\/ul>\n<\/div>\n<\/div>\n","protected":false},"excerpt":{"rendered":"<p>\ud83d\udccc O que \u00e9? A Regulariza\u00e7\u00e3o Fundi\u00e1ria \u00e9 um processo administrativo que permite ao ocupante de im\u00f3vel p\u00fablico estadual obter a titularidade da \u00e1rea ocupada. Garante o direito \u00e0 moradia digna, \u00e0 fun\u00e7\u00e3o social da propriedade e seguran\u00e7a jur\u00eddica para quem reside ou utiliza im\u00f3veis pertencentes ao Estado de Goi\u00e1s. \ud83c\udfaf Quem pode regularizar? \u2013 [&hellip;]<\/p>\n","protected":false},"author":3,"featured_media":0,"parent":0,"menu_order":0,"comment_status":"closed","ping_status":"closed","template":"","meta":{"footnotes":""},"_links":{"self":[{"href":"https:\/\/sublp.go.gov.br\/index.php?rest_route=\/wp\/v2\/pages\/918"}],"collection":[{"href":"https:\/\/sublp.go.gov.br\/index.php?rest_route=\/wp\/v2\/pages"}],"about":[{"href":"https:\/\/sublp.go.gov.br\/index.php?rest_route=\/wp\/v2\/types\/page"}],"author":[{"embeddable":true,"href":"https:\/\/sublp.go.gov.br\/index.php?rest_route=\/wp\/v2\/users\/3"}],"replies":[{"embeddable":true,"href":"https:\/\/sublp.go.gov.br\/index.php?rest_route=%2Fwp%2Fv2%2Fcomments&post=918"}],"version-history":[{"count":51,"href":"https:\/\/sublp.go.gov.br\/index.php?rest_route=\/wp\/v2\/pages\/918\/revisions"}],"predecessor-version":[{"id":1311,"href":"https:\/\/sublp.go.gov.br\/index.php?rest_route=\/wp\/v2\/pages\/918\/revisions\/1311"}],"wp:attachment":[{"href":"https:\/\/sublp.go.gov.br\/index.php?rest_route=%2Fwp%2Fv2%2Fmedia&parent=918"}],"curies":[{"name":"wp","href":"https:\/\/api.w.org\/{rel}","templated":true}]}}